{"id":739,"date":"2019-03-19T16:24:50","date_gmt":"2019-03-19T16:24:50","guid":{"rendered":"http:\/\/ingrid-maria-stockmann.de\/?page_id=739"},"modified":"2019-03-20T10:41:55","modified_gmt":"2019-03-20T10:41:55","slug":"impressum-2","status":"publish","type":"page","link":"https:\/\/ingrid-maria-stockmann.de\/?page_id=739","title":{"rendered":"Impressum"},"content":{"rendered":"\n<p><strong>Adresse:<\/strong><br>Ingrid-Maria Stockmann<br>Lindenweg 6<br>35794 Mengerskirchen, Waldernbach<br><br>Telefon: +49 6476 1250<br>E-Mail:   imstockmann@gmx.de<br><\/p>\n\n\n\n<p><strong>Urheberrecht<\/strong><br>Alle auf diesen Seiten gezeigten Bilder sind gesch\u00fctzt. Die Rechte liegen bei der K\u00fcnstlerin und Urheberin Ingrid -Maria Stockmann.<br>Die Benutzung der Bilder ist grunds\u00e4tzlich untersagt.&nbsp;<br>Alle Nutzungsformen bed\u00fcrfen der schriftlichen Genehmigung. <br>Bitte wenden Sie Ihre Anfrage an die oben genannte Email bzw. Adresse.<\/p>\n\n\n\n<p><strong>Haftungsausschluss<\/strong><br>Die Autorin \u00fcbernimmt keinerlei Gew\u00e4hr f\u00fcr die Aktualit\u00e4t, Richtigkeit und Vollst\u00e4ndigkeit der bereitgestellten Informationen auf unserer Website. Haftungsanspr\u00fcche gegen die Autorin, welche sich auf Sch\u00e4den materieller oder ideeller Art beziehen, die durch die Nutzung oder Nichtnutzung der dargebotenen Informationen bzw. durch die Nutzung fehlerhafter und unvollst\u00e4ndiger Informationen verursacht wurden, sind grunds\u00e4tzlich ausgeschlossen, sofern seitens des Autors kein nachweislich vors\u00e4tzliches oder grob fahrl\u00e4ssiges Verschulden vorliegt. Alle Angebote sind freibleibend und unverbindlich. Der Autorin beh\u00e4lt es sich ausdr\u00fccklich vor, Teile der Seiten oder das gesamte Angebot ohne gesonderte Ank\u00fcndigung zu ver\u00e4ndern, zu erg\u00e4nzen, zu l\u00f6schen oder die Ver\u00f6ffentlichung zeitweise oder endg\u00fcltig einzustellen.<\/p>\n\n\n\n<p>Bei direkten oder indirekten Verweisen auf fremde Webseiten (\u201cHyperlinks\u201d), die au\u00dferhalb des Verantwortungsbereiches des Autors liegen, w\u00fcrde eine Haftungsverpflichtung ausschlie\u00dflich in dem Fall in Kraft treten, in dem der Autor von den Inhalten Kenntnis hat und es ihm technisch m\u00f6glich und zumutbar w\u00e4re, die Nutzung im Falle rechtswidriger Inhalte zu verhindern. Der Autor erkl\u00e4rt hiermit ausdr\u00fccklich, dass zum Zeitpunkt der Linksetzung keine illegalen Inhalte auf den zu verlinkenden Seiten erkennbar waren. Auf die aktuelle und zuk\u00fcnftige Gestaltung, die Inhalte oder die Urheberschaft der verlinkten\/verkn\u00fcpften Seiten hat der Autor keinerlei Einfluss. Deshalb distanziert er sich hiermit ausdr\u00fccklich von allen Inhalten aller verlinkten \/verkn\u00fcpften Seiten, die nach der Linksetzung ver\u00e4ndert wurden. Diese Feststellung gilt f\u00fcr alle innerhalb des eigenen Internetangebotes gesetzten Links und Verweise sowie f\u00fcr Fremdeintr\u00e4ge in vom Autor eingerichteten G\u00e4steb\u00fcchern, Diskussionsforen, Linkverzeichnissen, Mailinglisten und in allen anderen Formen von Datenbanken, auf deren Inhalt externe Schreibzugriffe m\u00f6glich sind. F\u00fcr illegale, fehlerhafte oder unvollst\u00e4ndige Inhalte und insbesondere f\u00fcr Sch\u00e4den, die aus der Nutzung oder Nichtnutzung solcherart dargebotener Informationen entstehen, haftet allein der Anbieter der Seite, auf welche verwiesen wurde, nicht derjenige, der \u00fcber Links auf die jeweilige Ver\u00f6ffentlichung lediglich verweist.<\/p>\n\n\n\n<p><strong>Rechtswirsamkeit dieses Haftungsausschlusses<\/strong><br>Dieser Haftungsausschluss\/Disclaimer ist als Teil des Internetangebotes zu betrachten, von dem aus auf diese Seite verwiesen wurde. Sofern Teile oder einzelne Formulierungen dieses Textes der geltenden Rechtslage nicht, nicht mehr oder nicht vollst\u00e4ndig entsprechen sollten, bleiben die \u00fcbrigen Teile des Dokumentes in ihrem Inhalt und ihrer G\u00fcltigkeit davon unber\u00fchrt.<\/p>\n","protected":false},"excerpt":{"rendered":"<p>Adresse:Ingrid-Maria StockmannLindenweg 635794 Mengerskirchen, Waldernbach Telefon: +49 6476 1250E-Mail: imstockmann@gmx.de UrheberrechtAlle auf diesen Seiten gezeigten Bilder sind gesch\u00fctzt. Die Rechte liegen bei der K\u00fcnstlerin und Urheberin Ingrid -Maria Stockmann.Die Benutzung der Bilder ist grunds\u00e4tzlich untersagt.&nbsp;Alle Nutzungsformen bed\u00fcrfen der schriftlichen Genehmigung. Bitte wenden Sie Ihre Anfrage an die oben genannte Email bzw. Adresse. HaftungsausschlussDie Autorin \u00fcbernimmt&#8230; <\/p>\n<p><a class=\"moretag\" href=\"https:\/\/ingrid-maria-stockmann.de\/?page_id=739\">Read more<\/a><\/p>\n","protected":false},"author":1,"featured_media":0,"parent":0,"menu_order":9,"comment_status":"closed","ping_status":"closed","template":"","meta":{"footnotes":""},"class_list":["post-739","page","type-page","status-publish","hentry"],"_links":{"self":[{"href":"https:\/\/ingrid-maria-stockmann.de\/index.php?rest_route=\/wp\/v2\/pages\/739","targetHints":{"allow":["GET"]}}],"collection":[{"href":"https:\/\/ingrid-maria-stockmann.de\/index.php?rest_route=\/wp\/v2\/pages"}],"about":[{"href":"https:\/\/ingrid-maria-stockmann.de\/index.php?rest_route=\/wp\/v2\/types\/page"}],"author":[{"embeddable":true,"href":"https:\/\/ingrid-maria-stockmann.de\/index.php?rest_route=\/wp\/v2\/users\/1"}],"replies":[{"embeddable":true,"href":"https:\/\/ingrid-maria-stockmann.de\/index.php?rest_route=%2Fwp%2Fv2%2Fcomments&post=739"}],"version-history":[{"count":7,"href":"https:\/\/ingrid-maria-stockmann.de\/index.php?rest_route=\/wp\/v2\/pages\/739\/revisions"}],"predecessor-version":[{"id":758,"href":"https:\/\/ingrid-maria-stockmann.de\/index.php?rest_route=\/wp\/v2\/pages\/739\/revisions\/758"}],"wp:attachment":[{"href":"https:\/\/ingrid-maria-stockmann.de\/index.php?rest_route=%2Fwp%2Fv2%2Fmedia&parent=739"}],"curies":[{"name":"wp","href":"https:\/\/api.w.org\/{rel}","templated":true}]}}