{"id":1022,"date":"2020-11-22T12:01:10","date_gmt":"2020-11-22T12:01:10","guid":{"rendered":"https:\/\/ingrid-maria-stockmann.de\/?page_id=1022"},"modified":"2025-08-01T08:09:26","modified_gmt":"2025-08-01T08:09:26","slug":"paperart-tapete","status":"publish","type":"page","link":"https:\/\/ingrid-maria-stockmann.de\/?page_id=1022","title":{"rendered":"Paperart Tapete"},"content":{"rendered":"\n<p><strong>Malerei mit Tapete<\/strong><\/p>\n\n\n\n<p>In der  Malerei  werden die Werke durch Farbe und Duktus gestaltet, so ist der Duktus die Falten, und die Farben die Tapeten. Der besondere Reiz  bei der Tapete  ist die Ver\u00e4nderung der Farbe und des Musters durch die Faltung. Es entsteht ein neuer Charakter der  Tapete. Die Wirkung ist haptisch, weich oder kantig, was dem Ausdruck des Dargestellten entspricht, und ein nicht greifbares Gef\u00fchl vermittelt. Es entsteht eine Vielfalt an Farben, die durch die Aneinanderreihung diverser und in sich gemusterten Tapeten. Meine Vorstellung des kompletten Bildes wird durch reihenweises abscannen umgesetzt. Dadurch kreiert sich eine neue Sichtweise auf die Dinge.<\/p>\n\n\n\n<p class=\"has-normal-font-size\"><strong>Meine neuesten Werke:<\/strong><\/p>\n\n\n\n<figure class=\"wp-block-image size-large\"><a href=\"https:\/\/ingrid-maria-stockmann.de\/wp-content\/uploads\/2025\/08\/Spaziergang-am-Meer-1-scaled.jpg\"><img loading=\"lazy\" decoding=\"async\" width=\"1024\" height=\"508\" src=\"https:\/\/ingrid-maria-stockmann.de\/wp-content\/uploads\/2025\/08\/Spaziergang-am-Meer-1-1024x508.jpg\" alt=\"\" class=\"wp-image-1335\" srcset=\"https:\/\/ingrid-maria-stockmann.de\/wp-content\/uploads\/2025\/08\/Spaziergang-am-Meer-1-1024x508.jpg 1024w, https:\/\/ingrid-maria-stockmann.de\/wp-content\/uploads\/2025\/08\/Spaziergang-am-Meer-1-300x149.jpg 300w, https:\/\/ingrid-maria-stockmann.de\/wp-content\/uploads\/2025\/08\/Spaziergang-am-Meer-1-768x381.jpg 768w, https:\/\/ingrid-maria-stockmann.de\/wp-content\/uploads\/2025\/08\/Spaziergang-am-Meer-1-1536x762.jpg 1536w, https:\/\/ingrid-maria-stockmann.de\/wp-content\/uploads\/2025\/08\/Spaziergang-am-Meer-1-2048x1016.jpg 2048w, https:\/\/ingrid-maria-stockmann.de\/wp-content\/uploads\/2025\/08\/Spaziergang-am-Meer-1-1366x678.jpg 1366w\" sizes=\"auto, (max-width: 1024px) 100vw, 1024px\" \/><\/a><figcaption class=\"wp-element-caption\">Spaziergang am Meer 80 x 40 cm<\/figcaption><\/figure>\n\n\n\n<figure class=\"wp-block-image\"><a href=\"https:\/\/ingrid-maria-stockmann.de\/wp-content\/uploads\/2021\/04\/20210423_165003-scaled.jpg\"><img decoding=\"async\" src=\"https:\/\/ingrid-maria-stockmann.de\/wp-content\/uploads\/2021\/04\/20210423_165003-1024x513.jpg\" alt=\"Dieses Bild hat ein leeres Alt-Attribut. Der Dateiname ist 20210423_165003-1024x513.jpg\"\/><\/a><\/figure>\n\n\n\n<p><\/p>\n\n\n\n<figure class=\"wp-block-image size-large is-resized\"><a href=\"https:\/\/ingrid-maria-stockmann.de\/wp-content\/uploads\/2021\/01\/20210130_123129.jpg\"><img loading=\"lazy\" decoding=\"async\" width=\"1016\" height=\"1024\" src=\"https:\/\/ingrid-maria-stockmann.de\/wp-content\/uploads\/2021\/01\/20210130_123129-1016x1024.jpg\" alt=\"\" class=\"wp-image-1068\" style=\"width:442px;height:auto\" srcset=\"https:\/\/ingrid-maria-stockmann.de\/wp-content\/uploads\/2021\/01\/20210130_123129-1016x1024.jpg 1016w, https:\/\/ingrid-maria-stockmann.de\/wp-content\/uploads\/2021\/01\/20210130_123129-298x300.jpg 298w, https:\/\/ingrid-maria-stockmann.de\/wp-content\/uploads\/2021\/01\/20210130_123129-150x150.jpg 150w, https:\/\/ingrid-maria-stockmann.de\/wp-content\/uploads\/2021\/01\/20210130_123129-768x774.jpg 768w, https:\/\/ingrid-maria-stockmann.de\/wp-content\/uploads\/2021\/01\/20210130_123129-1524x1536.jpg 1524w, https:\/\/ingrid-maria-stockmann.de\/wp-content\/uploads\/2021\/01\/20210130_123129-2032x2048.jpg 2032w, https:\/\/ingrid-maria-stockmann.de\/wp-content\/uploads\/2021\/01\/20210130_123129-762x768.jpg 762w\" sizes=\"auto, (max-width: 1016px) 100vw, 1016px\" \/><\/a><figcaption class=\"wp-element-caption\">Strand mit Steinen 80 x 80 cm im Alurahmen<\/figcaption><\/figure>\n\n\n\n<figure class=\"wp-block-image size-large is-resized\"><img loading=\"lazy\" decoding=\"async\" width=\"1024\" height=\"1006\" src=\"https:\/\/ingrid-maria-stockmann.de\/wp-content\/uploads\/2020\/11\/20201115_111511-1024x1006.jpg\" alt=\"\" class=\"wp-image-1023\" style=\"width:401px;height:auto\" srcset=\"https:\/\/ingrid-maria-stockmann.de\/wp-content\/uploads\/2020\/11\/20201115_111511-1024x1006.jpg 1024w, https:\/\/ingrid-maria-stockmann.de\/wp-content\/uploads\/2020\/11\/20201115_111511-300x295.jpg 300w, https:\/\/ingrid-maria-stockmann.de\/wp-content\/uploads\/2020\/11\/20201115_111511-768x754.jpg 768w, https:\/\/ingrid-maria-stockmann.de\/wp-content\/uploads\/2020\/11\/20201115_111511-1536x1508.jpg 1536w, https:\/\/ingrid-maria-stockmann.de\/wp-content\/uploads\/2020\/11\/20201115_111511-2048x2011.jpg 2048w, https:\/\/ingrid-maria-stockmann.de\/wp-content\/uploads\/2020\/11\/20201115_111511-782x768.jpg 782w\" sizes=\"auto, (max-width: 1024px) 100vw, 1024px\" \/><figcaption class=\"wp-element-caption\">Meer mit Zaun 56x56x2 cm im Alurahmen<\/figcaption><\/figure>\n\n\n\n<figure class=\"wp-block-image size-large is-resized\"><img loading=\"lazy\" decoding=\"async\" width=\"1024\" height=\"522\" src=\"https:\/\/ingrid-maria-stockmann.de\/wp-content\/uploads\/2020\/12\/wellenbrecher-3-1024x522.jpg\" alt=\"\" class=\"wp-image-1034\" style=\"width:763px;height:auto\" srcset=\"https:\/\/ingrid-maria-stockmann.de\/wp-content\/uploads\/2020\/12\/wellenbrecher-3-1024x522.jpg 1024w, https:\/\/ingrid-maria-stockmann.de\/wp-content\/uploads\/2020\/12\/wellenbrecher-3-300x153.jpg 300w, https:\/\/ingrid-maria-stockmann.de\/wp-content\/uploads\/2020\/12\/wellenbrecher-3-768x392.jpg 768w, https:\/\/ingrid-maria-stockmann.de\/wp-content\/uploads\/2020\/12\/wellenbrecher-3-1536x783.jpg 1536w, https:\/\/ingrid-maria-stockmann.de\/wp-content\/uploads\/2020\/12\/wellenbrecher-3-2048x1045.jpg 2048w, https:\/\/ingrid-maria-stockmann.de\/wp-content\/uploads\/2020\/12\/wellenbrecher-3-1366x697.jpg 1366w\" sizes=\"auto, (max-width: 1024px) 100vw, 1024px\" \/><figcaption class=\"wp-element-caption\">Wellenbrecher 86x46x4 cm im Alurahmen<\/figcaption><\/figure>\n\n\n\n<figure class=\"wp-block-image size-large is-resized\"><a href=\"https:\/\/ingrid-maria-stockmann.de\/wp-content\/uploads\/2024\/09\/IMStockmann-Meer.Familie-2024-scaled.jpg\"><img loading=\"lazy\" decoding=\"async\" width=\"1005\" height=\"1024\" src=\"https:\/\/ingrid-maria-stockmann.de\/wp-content\/uploads\/2024\/09\/IMStockmann-Meer.Familie-2024-1005x1024.jpg\" alt=\"\" class=\"wp-image-1285\" style=\"width:327px;height:auto\" srcset=\"https:\/\/ingrid-maria-stockmann.de\/wp-content\/uploads\/2024\/09\/IMStockmann-Meer.Familie-2024-1005x1024.jpg 1005w, https:\/\/ingrid-maria-stockmann.de\/wp-content\/uploads\/2024\/09\/IMStockmann-Meer.Familie-2024-294x300.jpg 294w, https:\/\/ingrid-maria-stockmann.de\/wp-content\/uploads\/2024\/09\/IMStockmann-Meer.Familie-2024-768x783.jpg 768w, https:\/\/ingrid-maria-stockmann.de\/wp-content\/uploads\/2024\/09\/IMStockmann-Meer.Familie-2024-1507x1536.jpg 1507w, https:\/\/ingrid-maria-stockmann.de\/wp-content\/uploads\/2024\/09\/IMStockmann-Meer.Familie-2024-2010x2048.jpg 2010w, https:\/\/ingrid-maria-stockmann.de\/wp-content\/uploads\/2024\/09\/IMStockmann-Meer.Familie-2024-754x768.jpg 754w\" sizes=\"auto, (max-width: 1005px) 100vw, 1005px\" \/><\/a><figcaption class=\"wp-element-caption\">Strand mit Familie 40x40x2 cm im Alurahmen<\/figcaption><\/figure>\n\n\n\n<figure class=\"wp-block-image size-large is-resized\"><a href=\"https:\/\/ingrid-maria-stockmann.de\/wp-content\/uploads\/2024\/09\/IMStockmann-2Moewen-2024-scaled.jpg\"><img loading=\"lazy\" decoding=\"async\" width=\"1024\" height=\"1007\" src=\"https:\/\/ingrid-maria-stockmann.de\/wp-content\/uploads\/2024\/09\/IMStockmann-2Moewen-2024-1024x1007.jpg\" alt=\"\" class=\"wp-image-1282\" style=\"width:322px;height:auto\" srcset=\"https:\/\/ingrid-maria-stockmann.de\/wp-content\/uploads\/2024\/09\/IMStockmann-2Moewen-2024-1024x1007.jpg 1024w, https:\/\/ingrid-maria-stockmann.de\/wp-content\/uploads\/2024\/09\/IMStockmann-2Moewen-2024-300x295.jpg 300w, https:\/\/ingrid-maria-stockmann.de\/wp-content\/uploads\/2024\/09\/IMStockmann-2Moewen-2024-768x756.jpg 768w, https:\/\/ingrid-maria-stockmann.de\/wp-content\/uploads\/2024\/09\/IMStockmann-2Moewen-2024-1536x1511.jpg 1536w, https:\/\/ingrid-maria-stockmann.de\/wp-content\/uploads\/2024\/09\/IMStockmann-2Moewen-2024-2048x2015.jpg 2048w, https:\/\/ingrid-maria-stockmann.de\/wp-content\/uploads\/2024\/09\/IMStockmann-2Moewen-2024-781x768.jpg 781w\" sizes=\"auto, (max-width: 1024px) 100vw, 1024px\" \/><\/a><figcaption class=\"wp-element-caption\">Meer mit 2 M\u00f6wen 40x40x2 cm im Alurahmen<\/figcaption><\/figure>\n\n\n\n<figure class=\"wp-block-image size-large is-resized\"><a href=\"https:\/\/ingrid-maria-stockmann.de\/wp-content\/uploads\/2024\/09\/DSC_3100-Kopie-scaled.jpg\"><img loading=\"lazy\" decoding=\"async\" width=\"1024\" height=\"685\" src=\"https:\/\/ingrid-maria-stockmann.de\/wp-content\/uploads\/2024\/09\/DSC_3100-Kopie-1024x685.jpg\" alt=\"\" class=\"wp-image-1286\" style=\"width:327px;height:auto\" srcset=\"https:\/\/ingrid-maria-stockmann.de\/wp-content\/uploads\/2024\/09\/DSC_3100-Kopie-1024x685.jpg 1024w, https:\/\/ingrid-maria-stockmann.de\/wp-content\/uploads\/2024\/09\/DSC_3100-Kopie-300x201.jpg 300w, https:\/\/ingrid-maria-stockmann.de\/wp-content\/uploads\/2024\/09\/DSC_3100-Kopie-768x514.jpg 768w, https:\/\/ingrid-maria-stockmann.de\/wp-content\/uploads\/2024\/09\/DSC_3100-Kopie-1536x1028.jpg 1536w, https:\/\/ingrid-maria-stockmann.de\/wp-content\/uploads\/2024\/09\/DSC_3100-Kopie-2048x1371.jpg 2048w, https:\/\/ingrid-maria-stockmann.de\/wp-content\/uploads\/2024\/09\/DSC_3100-Kopie-1147x768.jpg 1147w\" sizes=\"auto, (max-width: 1024px) 100vw, 1024px\" \/><\/a><figcaption class=\"wp-element-caption\">Alles im Flu\u00df 40x40x2 cm im Alurahmen<\/figcaption><\/figure>\n\n\n\n<p><\/p>\n\n\n\n<p>Preisliche Anfragen unter IMStockmann@gmx. de<\/p>\n\n\n\n<p>Anfertigungen in div. Gr\u00f6\u00dfen und Farben m\u00f6glich.<\/p>\n\n\n\n<p>Gestaltung ihres Urlaubsortes in Tapeten<\/p>\n\n\n\n<figure class=\"wp-block-image size-large is-resized\"><a href=\"https:\/\/ingrid-maria-stockmann.de\/wp-content\/uploads\/2022\/08\/Apfel.jpg\"><img loading=\"lazy\" decoding=\"async\" width=\"1012\" height=\"1024\" src=\"https:\/\/ingrid-maria-stockmann.de\/wp-content\/uploads\/2022\/08\/Apfel-1012x1024.jpg\" alt=\"\" class=\"wp-image-1183\" style=\"width:386px;height:auto\" srcset=\"https:\/\/ingrid-maria-stockmann.de\/wp-content\/uploads\/2022\/08\/Apfel-1012x1024.jpg 1012w, https:\/\/ingrid-maria-stockmann.de\/wp-content\/uploads\/2022\/08\/Apfel-296x300.jpg 296w, https:\/\/ingrid-maria-stockmann.de\/wp-content\/uploads\/2022\/08\/Apfel-768x777.jpg 768w, https:\/\/ingrid-maria-stockmann.de\/wp-content\/uploads\/2022\/08\/Apfel-759x768.jpg 759w, https:\/\/ingrid-maria-stockmann.de\/wp-content\/uploads\/2022\/08\/Apfel.jpg 1405w\" sizes=\"auto, (max-width: 1012px) 100vw, 1012px\" \/><\/a><\/figure>\n","protected":false},"excerpt":{"rendered":"<p>Malerei mit Tapete In der Malerei werden die Werke durch Farbe und Duktus gestaltet, so ist der Duktus die Falten, und die Farben die Tapeten. Der besondere Reiz bei der Tapete ist die Ver\u00e4nderung der Farbe und des Musters durch die Faltung. Es entsteht ein neuer Charakter der Tapete. Die Wirkung ist haptisch, weich oder&#8230; <\/p>\n<p><a class=\"moretag\" href=\"https:\/\/ingrid-maria-stockmann.de\/?page_id=1022\">Read more<\/a><\/p>\n","protected":false},"author":1,"featured_media":1023,"parent":0,"menu_order":0,"comment_status":"closed","ping_status":"closed","template":"","meta":{"footnotes":""},"class_list":["post-1022","page","type-page","status-publish","has-post-thumbnail","hentry"],"_links":{"self":[{"href":"https:\/\/ingrid-maria-stockmann.de\/index.php?rest_route=\/wp\/v2\/pages\/1022","targetHints":{"allow":["GET"]}}],"collection":[{"href":"https:\/\/ingrid-maria-stockmann.de\/index.php?rest_route=\/wp\/v2\/pages"}],"about":[{"href":"https:\/\/ingrid-maria-stockmann.de\/index.php?rest_route=\/wp\/v2\/types\/page"}],"author":[{"embeddable":true,"href":"https:\/\/ingrid-maria-stockmann.de\/index.php?rest_route=\/wp\/v2\/users\/1"}],"replies":[{"embeddable":true,"href":"https:\/\/ingrid-maria-stockmann.de\/index.php?rest_route=%2Fwp%2Fv2%2Fcomments&post=1022"}],"version-history":[{"count":28,"href":"https:\/\/ingrid-maria-stockmann.de\/index.php?rest_route=\/wp\/v2\/pages\/1022\/revisions"}],"predecessor-version":[{"id":1337,"href":"https:\/\/ingrid-maria-stockmann.de\/index.php?rest_route=\/wp\/v2\/pages\/1022\/revisions\/1337"}],"wp:featuredmedia":[{"embeddable":true,"href":"https:\/\/ingrid-maria-stockmann.de\/index.php?rest_route=\/wp\/v2\/media\/1023"}],"wp:attachment":[{"href":"https:\/\/ingrid-maria-stockmann.de\/index.php?rest_route=%2Fwp%2Fv2%2Fmedia&parent=1022"}],"curies":[{"name":"wp","href":"https:\/\/api.w.org\/{rel}","templated":true}]}}